{"id":140,"date":"2019-11-26T21:28:38","date_gmt":"2019-11-26T20:28:38","guid":{"rendered":"https:\/\/www.pumptrack-aarau.ch\/?page_id=140"},"modified":"2024-01-18T15:01:26","modified_gmt":"2024-01-18T14:01:26","slug":"pumptrack-buchs","status":"publish","type":"page","link":"https:\/\/www.pumptrack-aarau.ch\/index.php\/home\/pumptrack-buchs\/","title":{"rendered":"Buchs"},"content":{"rendered":"\n<div style=\"height:40px\" aria-hidden=\"true\" class=\"wp-block-spacer\"><\/div>\n\n\n\n<h3 class=\"wp-block-heading has-text-align-center\" id=\"ein-pumptrack-in-buchs-ag\">Sportanlage Suhrenmatte<\/h3>\n\n\n\n<blockquote class=\"wp-block-quote is-layout-flow wp-block-quote-is-layout-flow\">\n<p><mark style=\"background-color:rgba(0, 0, 0, 0)\" class=\"has-inline-color has-vivid-cyan-blue-color\">Seit dem 11. Juni 22 ist der Track von 8-21 Uhr t\u00e4glich f\u00fcr euch offen! Bitte helft mit diesen Ort sauber zu halten und schaut dass die Regeln (unten abgebildet und auf der Infotafel) eingehalten werden. Danke und viel Spass!<\/mark><\/p>\n\n\n\n<figure class=\"wp-block-embed is-type-video is-provider-youtube wp-block-embed-youtube wp-embed-aspect-16-9 wp-has-aspect-ratio\"><div class=\"wp-block-embed__wrapper\">\n<iframe loading=\"lazy\" title=\"Pumptrack Buchs Er\u00f6ffnung\" width=\"1220\" height=\"686\" src=\"https:\/\/www.youtube.com\/embed\/mxFgii84Cvc?feature=oembed\" frameborder=\"0\" allow=\"accelerometer; autoplay; clipboard-write; encrypted-media; gyroscope; picture-in-picture; web-share\" allowfullscreen><\/iframe>\n<\/div><figcaption class=\"wp-element-caption\">hier einen Video von unserer Er\u00f6ffnung im Juni 22<\/figcaption><\/figure>\n<\/blockquote>\n\n\n\n<figure class=\"wp-block-gallery has-nested-images columns-default is-cropped wp-block-gallery-1 is-layout-flex wp-block-gallery-is-layout-flex\">\n<figure class=\"wp-block-image size-large\"><img loading=\"lazy\" decoding=\"async\" width=\"1024\" height=\"683\" data-id=\"620\" src=\"https:\/\/www.pumptrack-aarau.ch\/wp-content\/uploads\/2022\/11\/HS_PT_BUCHS_341428-1024x683.jpg\" alt=\"\" class=\"wp-image-620\" srcset=\"https:\/\/www.pumptrack-aarau.ch\/wp-content\/uploads\/2022\/11\/HS_PT_BUCHS_341428-1024x683.jpg 1024w, https:\/\/www.pumptrack-aarau.ch\/wp-content\/uploads\/2022\/11\/HS_PT_BUCHS_341428-300x200.jpg 300w, https:\/\/www.pumptrack-aarau.ch\/wp-content\/uploads\/2022\/11\/HS_PT_BUCHS_341428-768x512.jpg 768w, https:\/\/www.pumptrack-aarau.ch\/wp-content\/uploads\/2022\/11\/HS_PT_BUCHS_341428-1536x1025.jpg 1536w, https:\/\/www.pumptrack-aarau.ch\/wp-content\/uploads\/2022\/11\/HS_PT_BUCHS_341428-219x146.jpg 219w, https:\/\/www.pumptrack-aarau.ch\/wp-content\/uploads\/2022\/11\/HS_PT_BUCHS_341428-50x33.jpg 50w, https:\/\/www.pumptrack-aarau.ch\/wp-content\/uploads\/2022\/11\/HS_PT_BUCHS_341428-112x75.jpg 112w, https:\/\/www.pumptrack-aarau.ch\/wp-content\/uploads\/2022\/11\/HS_PT_BUCHS_341428.jpg 2000w\" sizes=\"auto, (max-width:767px) 480px, (max-width:1024px) 100vw, 1024px\" \/><figcaption class=\"wp-element-caption\">Rider: Louis Eisenhut, Foto: HU. Spitznagel<\/figcaption><\/figure>\n\n\n\n<figure class=\"wp-block-image size-large\"><img loading=\"lazy\" decoding=\"async\" width=\"1024\" height=\"683\" data-id=\"618\" src=\"https:\/\/www.pumptrack-aarau.ch\/wp-content\/uploads\/2022\/11\/HS_PT_BUCHS_341460-1024x683.jpg\" alt=\"\" class=\"wp-image-618\" srcset=\"https:\/\/www.pumptrack-aarau.ch\/wp-content\/uploads\/2022\/11\/HS_PT_BUCHS_341460-1024x683.jpg 1024w, https:\/\/www.pumptrack-aarau.ch\/wp-content\/uploads\/2022\/11\/HS_PT_BUCHS_341460-300x200.jpg 300w, https:\/\/www.pumptrack-aarau.ch\/wp-content\/uploads\/2022\/11\/HS_PT_BUCHS_341460-768x512.jpg 768w, https:\/\/www.pumptrack-aarau.ch\/wp-content\/uploads\/2022\/11\/HS_PT_BUCHS_341460-1536x1025.jpg 1536w, https:\/\/www.pumptrack-aarau.ch\/wp-content\/uploads\/2022\/11\/HS_PT_BUCHS_341460-219x146.jpg 219w, https:\/\/www.pumptrack-aarau.ch\/wp-content\/uploads\/2022\/11\/HS_PT_BUCHS_341460-50x33.jpg 50w, https:\/\/www.pumptrack-aarau.ch\/wp-content\/uploads\/2022\/11\/HS_PT_BUCHS_341460-112x75.jpg 112w, https:\/\/www.pumptrack-aarau.ch\/wp-content\/uploads\/2022\/11\/HS_PT_BUCHS_341460.jpg 2000w\" sizes=\"auto, (max-width:767px) 480px, (max-width:1024px) 100vw, 1024px\" \/><figcaption class=\"wp-element-caption\">Rider: Louis Eisenhut, Foto: HU. Spitznagel<\/figcaption><\/figure>\n<\/figure>\n\n\n\n<div style=\"height:43px\" aria-hidden=\"true\" class=\"wp-block-spacer\"><\/div>\n\n\n\n<figure class=\"wp-block-image size-full\"><img loading=\"lazy\" decoding=\"async\" width=\"717\" height=\"487\" src=\"https:\/\/www.pumptrack-aarau.ch\/wp-content\/uploads\/2022\/05\/grafik.png\" alt=\"\" class=\"wp-image-513\" srcset=\"https:\/\/www.pumptrack-aarau.ch\/wp-content\/uploads\/2022\/05\/grafik.png 717w, https:\/\/www.pumptrack-aarau.ch\/wp-content\/uploads\/2022\/05\/grafik-300x204.png 300w, https:\/\/www.pumptrack-aarau.ch\/wp-content\/uploads\/2022\/05\/grafik-215x146.png 215w, https:\/\/www.pumptrack-aarau.ch\/wp-content\/uploads\/2022\/05\/grafik-50x34.png 50w, https:\/\/www.pumptrack-aarau.ch\/wp-content\/uploads\/2022\/05\/grafik-110x75.png 110w\" sizes=\"auto, (max-width:767px) 480px, 717px\" \/><figcaption class=\"wp-element-caption\">die Fahrtrichtung ist im <strong>Gegenuhrzeigersinn <\/strong>gedacht.<\/figcaption><\/figure>\n\n\n\n<p>Bitte helft uns, weisst Benutzer darauf hin, dass hier nur mit <strong>Helm <\/strong>gefahren werden darf, der Abfall in den Eimer geh\u00f6rt und alle in die selbe Richtung fahren, sonst wirds gref\u00e4hrlich!<\/p>\n\n\n\n<p><strong>Die Benutzung des Pumptracks erfolgt auf eigenes Risiko. Bei Unf\u00e4llen wird jegliche Haftung abgelehnt. Die Unfallversicherung ist Sache der Benutzer<\/strong>.<\/p>\n\n\n\n<div style=\"height:0px\" aria-hidden=\"true\" class=\"wp-block-spacer\"><\/div>\n\n\n\n<p><\/p>\n\n\n\n<h4 class=\"wp-block-heading\">all das ist nur m\u00f6glich dank <strong>unseren Sponsoren<\/strong>:<\/h4>\n\n\n\n<div class=\"wp-block-group\"><div class=\"wp-block-group__inner-container is-layout-flow wp-block-group-is-layout-flow\">\n<figure class=\"wp-block-image size-large is-resized\"><img loading=\"lazy\" decoding=\"async\" width=\"724\" height=\"1024\" src=\"https:\/\/www.pumptrack-aarau.ch\/wp-content\/uploads\/2022\/04\/Stand-April-724x1024.jpg\" alt=\"\" class=\"wp-image-502\" style=\"width:881px;height:1247px\" srcset=\"https:\/\/www.pumptrack-aarau.ch\/wp-content\/uploads\/2022\/04\/Stand-April-724x1024.jpg 724w, https:\/\/www.pumptrack-aarau.ch\/wp-content\/uploads\/2022\/04\/Stand-April-212x300.jpg 212w, https:\/\/www.pumptrack-aarau.ch\/wp-content\/uploads\/2022\/04\/Stand-April-768x1086.jpg 768w, https:\/\/www.pumptrack-aarau.ch\/wp-content\/uploads\/2022\/04\/Stand-April-1086x1536.jpg 1086w, https:\/\/www.pumptrack-aarau.ch\/wp-content\/uploads\/2022\/04\/Stand-April-1448x2048.jpg 1448w, https:\/\/www.pumptrack-aarau.ch\/wp-content\/uploads\/2022\/04\/Stand-April-103x146.jpg 103w, https:\/\/www.pumptrack-aarau.ch\/wp-content\/uploads\/2022\/04\/Stand-April-35x50.jpg 35w, https:\/\/www.pumptrack-aarau.ch\/wp-content\/uploads\/2022\/04\/Stand-April-53x75.jpg 53w, https:\/\/www.pumptrack-aarau.ch\/wp-content\/uploads\/2022\/04\/Stand-April-scaled.jpg 1810w\" sizes=\"auto, (max-width:767px) 480px, 724px\" \/><\/figure>\n<\/div><\/div>\n\n\n\n<p>Und ein herzliches Dankesch\u00f6n an die <strong>Gemeinde Buchs<\/strong>. Diese stellt das Land auf welchem wir bauen d\u00fcrfen kostenlos zur Verf\u00fcgung. Und es ist die Gemeinde, welche den Besuchern des Pumtpracks ein WC zur Verf\u00fcgung stellt!<\/p>\n\n\n\n<div style=\"height:55px\" aria-hidden=\"true\" class=\"wp-block-spacer\"><\/div>\n\n\n\n<div class=\"wp-block-columns is-layout-flex wp-container-core-columns-is-layout-9d6595d7 wp-block-columns-is-layout-flex\">\n<div class=\"wp-block-column is-layout-flow wp-block-column-is-layout-flow\">\n<h2 class=\"wp-block-heading\"><strong>Lage<\/strong> <strong>und Parkplatz<\/strong><\/h2>\n\n\n\n<p>Der Pumptrack liegt bei der Schul und Sportanlage Suhrenmatte in Buchs AG.<\/p>\n\n\n\n<p>Die <strong>Parkpl\u00e4tze <\/strong>bei der Schulanlage und im Quartier sind freizuhalten und nicht f\u00fcr die BesucherInnen des Pumptracks! <\/p>\n\n\n\n<p>Es hat Parkpl\u00e4tze beim Gemeindesaal an der Gysistrasse <a href=\"https:\/\/goo.gl\/maps\/9RPS1WfY3MBR1A7Z6\">https:\/\/goo.gl\/maps\/9RPS1WfY3MBR1A7Z6<\/a><\/p>\n\n\n\n<p>von da 2 Minuten der Suhre nach (Veloweg bis zur Schulanlage)<\/p>\n<\/div>\n\n\n\n<div class=\"wp-block-column is-layout-flow wp-block-column-is-layout-flow\">\n<figure class=\"wp-block-embed is-type-video is-provider-youtube wp-block-embed-youtube wp-embed-aspect-16-9 wp-has-aspect-ratio\"><div class=\"wp-block-embed__wrapper\">\n<iframe loading=\"lazy\" title=\"Pumptrack Buchs AG Parkplatz\" width=\"1220\" height=\"686\" src=\"https:\/\/www.youtube.com\/embed\/NfHUuMDkL88?feature=oembed\" frameborder=\"0\" allow=\"accelerometer; autoplay; clipboard-write; encrypted-media; gyroscope; picture-in-picture; web-share\" allowfullscreen><\/iframe>\n<\/div><figcaption class=\"wp-element-caption\">Vom Parkplatz zum Pumptrack<\/figcaption><\/figure>\n<\/div>\n<\/div>\n\n\n\n<div style=\"height:37px\" aria-hidden=\"true\" class=\"wp-block-spacer\"><\/div>\n\n\n\n<h2 class=\"wp-block-heading\"><strong>M\u00f6chtest du uns unterst\u00fctzen?<\/strong><\/h2>\n\n\n\n<div class=\"wp-block-columns is-layout-flex wp-container-core-columns-is-layout-9d6595d7 wp-block-columns-is-layout-flex\">\n<div class=\"wp-block-column is-layout-flow wp-block-column-is-layout-flow\">\n<p>Dies ist m\u00f6glich entweder als Mitglied \/ G\u00f6nner vom Verein oder direkt f\u00fcr das Projekt in Buchs:<\/p>\n\n\n\n<p><strong>IBAN CH59 0076 1643 4558 4200 2<\/strong><\/p>\n\n\n\n<figure class=\"wp-block-image size-large is-resized\"><img loading=\"lazy\" decoding=\"async\" width=\"1024\" height=\"513\" src=\"https:\/\/www.pumptrack-aarau.ch\/wp-content\/uploads\/2022\/10\/Baukonto-Suhr-Fuer-Werbegenies-schwarz-1024x513.png\" alt=\"\" class=\"wp-image-581\" style=\"width:348px;height:173px\" srcset=\"https:\/\/www.pumptrack-aarau.ch\/wp-content\/uploads\/2022\/10\/Baukonto-Suhr-Fuer-Werbegenies-schwarz-1024x513.png 1024w, https:\/\/www.pumptrack-aarau.ch\/wp-content\/uploads\/2022\/10\/Baukonto-Suhr-Fuer-Werbegenies-schwarz-300x150.png 300w, https:\/\/www.pumptrack-aarau.ch\/wp-content\/uploads\/2022\/10\/Baukonto-Suhr-Fuer-Werbegenies-schwarz-768x385.png 768w, https:\/\/www.pumptrack-aarau.ch\/wp-content\/uploads\/2022\/10\/Baukonto-Suhr-Fuer-Werbegenies-schwarz-260x130.png 260w, https:\/\/www.pumptrack-aarau.ch\/wp-content\/uploads\/2022\/10\/Baukonto-Suhr-Fuer-Werbegenies-schwarz-50x25.png 50w, https:\/\/www.pumptrack-aarau.ch\/wp-content\/uploads\/2022\/10\/Baukonto-Suhr-Fuer-Werbegenies-schwarz-150x75.png 150w, https:\/\/www.pumptrack-aarau.ch\/wp-content\/uploads\/2022\/10\/Baukonto-Suhr-Fuer-Werbegenies-schwarz.png 1530w\" sizes=\"auto, (max-width:767px) 480px, (max-width:1024px) 100vw, 1024px\" \/><\/figure>\n<\/div>\n<\/div>\n\n\n\n<div style=\"height:40px\" aria-hidden=\"true\" class=\"wp-block-spacer\"><\/div>\n","protected":false},"excerpt":{"rendered":"<p>Sportanlage Suhrenmatte Bitte helft uns, weisst Benutzer darauf hin, dass hier nur mit Helm gefahren werden darf, der Abfall in den Eimer geh\u00f6rt und alle in<span class=\"excerpt-hellip\"> [\u2026]<\/span><\/p>\n","protected":false},"author":1,"featured_media":613,"parent":71,"menu_order":0,"comment_status":"closed","ping_status":"closed","template":"","meta":{"footnotes":""},"class_list":["post-140","page","type-page","status-publish","has-post-thumbnail","hentry"],"_links":{"self":[{"href":"https:\/\/www.pumptrack-aarau.ch\/index.php\/wp-json\/wp\/v2\/pages\/140","targetHints":{"allow":["GET"]}}],"collection":[{"href":"https:\/\/www.pumptrack-aarau.ch\/index.php\/wp-json\/wp\/v2\/pages"}],"about":[{"href":"https:\/\/www.pumptrack-aarau.ch\/index.php\/wp-json\/wp\/v2\/types\/page"}],"author":[{"embeddable":true,"href":"https:\/\/www.pumptrack-aarau.ch\/index.php\/wp-json\/wp\/v2\/users\/1"}],"replies":[{"embeddable":true,"href":"https:\/\/www.pumptrack-aarau.ch\/index.php\/wp-json\/wp\/v2\/comments?post=140"}],"version-history":[{"count":71,"href":"https:\/\/www.pumptrack-aarau.ch\/index.php\/wp-json\/wp\/v2\/pages\/140\/revisions"}],"predecessor-version":[{"id":680,"href":"https:\/\/www.pumptrack-aarau.ch\/index.php\/wp-json\/wp\/v2\/pages\/140\/revisions\/680"}],"up":[{"embeddable":true,"href":"https:\/\/www.pumptrack-aarau.ch\/index.php\/wp-json\/wp\/v2\/pages\/71"}],"wp:featuredmedia":[{"embeddable":true,"href":"https:\/\/www.pumptrack-aarau.ch\/index.php\/wp-json\/wp\/v2\/media\/613"}],"wp:attachment":[{"href":"https:\/\/www.pumptrack-aarau.ch\/index.php\/wp-json\/wp\/v2\/media?parent=140"}],"curies":[{"name":"wp","href":"https:\/\/api.w.org\/{rel}","templated":true}]}}