{"id":119,"date":"2019-10-06T21:39:12","date_gmt":"2019-10-06T19:39:12","guid":{"rendered":"https:\/\/www.pumptrack-aarau.ch\/?page_id=119"},"modified":"2022-02-16T21:07:53","modified_gmt":"2022-02-16T20:07:53","slug":"verein","status":"publish","type":"page","link":"https:\/\/www.pumptrack-aarau.ch\/index.php\/verein\/","title":{"rendered":"Verein"},"content":{"rendered":"\n<p>Gegr\u00fcndet im September 2019 z\u00e4hlt unser Verein ca. 100 Mitglieder aus dem Bezirk Aarau. Darunter viele Familien mit ihren Kindern und Sportler die sich einen Pumptrack in ihrer Umgebung w\u00fcnschen. Aktuell sind wir in Aarau und Buchs aktiv und streben dort den Bau und Betrieb eines Pumptracks als \u00f6ffentlichen Spielplatz an. Die Mitgliederbeitr\u00e4ge gehen zu 100% in diese Projekte und so k\u00f6nnen wir einen wesentlichen Teil der Planungs- und sp\u00e4teren Unterhaltskosten damit finanzieren. Darum unterst\u00fctze uns und werde Mitglied oder G\u00f6nner -&gt; <\/p>\n\n\n\n<div class=\"wp-block-buttons is-horizontal is-content-justification-space-between is-layout-flex wp-container-core-buttons-is-layout-9262d1ff wp-block-buttons-is-layout-flex\">\n<div class=\"wp-block-button\"><a class=\"wp-block-button__link\" href=\"https:\/\/www.pumptrack-aarau.ch\/index.php\/mitmachen\/\">Mitglied werden<\/a><\/div>\n\n\n\n<div class=\"wp-block-button\"><a class=\"wp-block-button__link\" href=\"https:\/\/www.pumptrack-aarau.ch\/index.php\/mitglieder-bezahlmoglichkeiten-pumptrack-aarau-mitgliedschaft\/\" target=\"_blank\" rel=\"noreferrer noopener\">Unterst\u00fctze den Verein mit einem Beitrag<\/a><\/div>\n<\/div>\n\n\n\n<p><\/p>\n\n\n\n<h2 class=\"wp-block-heading\" id=\"das-team\">Das Team <\/h2>\n\n\n\n<p>5 (mehr oder weniger) junge K\u00f6pfe aus der Region Aarau haben sich zum Verein Pumptrack Aarau zusammengetan und verfolgen das ehrgeizige Projekt. Beruflich ist das Gr\u00fcnder-Team unterschiedlich unterwegs &#8211; jedoch am Feierabend auf dem gleichen Ger\u00e4t unterwegs, einem Bike &#8211; dieses Interesse verbindet. Unser Ziel ist: Eine Sport- und Freizeitanlage f\u00fcr die Bev\u00f6lkerung der Region Aarau, von ganz jung bis ganz alt.<\/p>\n\n\n\n<p>Von links nach recht: Monika B\u00fcchi, David H\u00e4uptli, Simon Kaufmann, Robin M\u00fcller, Hansueli Spitznagel<\/p>\n\n\n\n<figure class=\"wp-block-image size-large\"><img loading=\"lazy\" decoding=\"async\" width=\"1024\" height=\"768\" src=\"https:\/\/www.pumptrack-aarau.ch\/wp-content\/uploads\/2019\/09\/IMG_20190925_123724-1024x768.jpg\" alt=\"\" class=\"wp-image-91\"\/><\/figure>\n\n\n\n<div class=\"wp-block-buttons is-layout-flex wp-block-buttons-is-layout-flex\">\n<div class=\"wp-block-button\"><a class=\"wp-block-button__link\" href=\"https:\/\/www.pumptrack-aarau.ch\/wp-content\/uploads\/2022\/02\/Statuten-Verein-2021.pdf\">Statuten Verein Pumptrack Aarau<\/a><\/div>\n<\/div>\n\n\n\n<p><\/p>\n","protected":false},"excerpt":{"rendered":"<p>Gegr\u00fcndet im September 2019 z\u00e4hlt unser Verein ca. 100 Mitglieder aus dem Bezirk Aarau. Darunter viele Familien mit ihren Kindern und Sportler die sich einen Pumptrack<span class=\"excerpt-hellip\"> [\u2026]<\/span><\/p>\n","protected":false},"author":1,"featured_media":120,"parent":0,"menu_order":0,"comment_status":"closed","ping_status":"closed","template":"","meta":{"footnotes":""},"class_list":["post-119","page","type-page","status-publish","has-post-thumbnail","hentry"],"_links":{"self":[{"href":"https:\/\/www.pumptrack-aarau.ch\/index.php\/wp-json\/wp\/v2\/pages\/119","targetHints":{"allow":["GET"]}}],"collection":[{"href":"https:\/\/www.pumptrack-aarau.ch\/index.php\/wp-json\/wp\/v2\/pages"}],"about":[{"href":"https:\/\/www.pumptrack-aarau.ch\/index.php\/wp-json\/wp\/v2\/types\/page"}],"author":[{"embeddable":true,"href":"https:\/\/www.pumptrack-aarau.ch\/index.php\/wp-json\/wp\/v2\/users\/1"}],"replies":[{"embeddable":true,"href":"https:\/\/www.pumptrack-aarau.ch\/index.php\/wp-json\/wp\/v2\/comments?post=119"}],"version-history":[{"count":10,"href":"https:\/\/www.pumptrack-aarau.ch\/index.php\/wp-json\/wp\/v2\/pages\/119\/revisions"}],"predecessor-version":[{"id":475,"href":"https:\/\/www.pumptrack-aarau.ch\/index.php\/wp-json\/wp\/v2\/pages\/119\/revisions\/475"}],"wp:featuredmedia":[{"embeddable":true,"href":"https:\/\/www.pumptrack-aarau.ch\/index.php\/wp-json\/wp\/v2\/media\/120"}],"wp:attachment":[{"href":"https:\/\/www.pumptrack-aarau.ch\/index.php\/wp-json\/wp\/v2\/media?parent=119"}],"curies":[{"name":"wp","href":"https:\/\/api.w.org\/{rel}","templated":true}]}}